{"id":3772,"date":"2026-03-12T17:24:10","date_gmt":"2026-03-12T16:24:10","guid":{"rendered":"https:\/\/serviciosydeportes.com.co\/?post_type=product&#038;p=3772"},"modified":"2026-03-12T17:27:16","modified_gmt":"2026-03-12T16:27:16","slug":"curso-natacion-nequi","status":"publish","type":"product","link":"https:\/\/serviciosydeportes.com.co\/?product=curso-natacion-nequi","title":{"rendered":"Curso Nataci\u00f3n (NEQUI)"},"content":{"rendered":"","protected":false},"excerpt":{"rendered":"<p style=\"text-align: center;\"><strong>IMPLEMENTOS DEPORTIVOS PARA EL CURSO O PROGRAMA NATACION<\/strong><\/p>\n<p>Traje de ba\u00f1o en licra o Uniforme de ba\u00f1o de SYLD, Gorro, Gafas, (No es obligatorio. Opcional o Solo en caso de ser necesario: lo decide el alumno seg\u00fan sus necesidades y\/o salud), Protecci\u00f3n para o\u00eddos y nariz (No es obligatorio. Opcional o Solo en caso de ser necesario: lo decide el alumno seg\u00fan sus necesidades y\/o salud) , Toalla y chanclas, Maleta preferiblemente con candado para guardar los objetos personales ubicados en el locker. Respetar el Reglamento para el Uso de Piscina y Vestier. as\u00ed como tambi\u00e9n sus normas de Ingreso ubicados antes de la entrada a la zona de Vestier y piscina.<\/p>\n<p><strong>EDAD:<\/strong> Ni\u00f1os desde 4 a\u00f1os en adelante y Adultos.<\/p>\n","protected":false},"featured_media":3425,"template":"","meta":{"site-sidebar-layout":"no-sidebar","site-content-layout":"","ast-site-content-layout":"normal-width-container","site-content-style":"default","site-sidebar-style":"default","ast-global-header-display":"","ast-banner-title-visibility":"","ast-main-header-display":"","ast-hfb-above-header-display":"","ast-hfb-below-header-display":"","ast-hfb-mobile-header-display":"","site-post-title":"","ast-breadcrumbs-content":"","ast-featured-img":"","footer-sml-layout":"","ast-disable-related-posts":"","theme-transparent-header-meta":"default","adv-header-id-meta":"","stick-header-meta":"","header-above-stick-meta":"","header-main-stick-meta":"","header-below-stick-meta":"","astra-migrate-meta-layouts":"set","ast-page-background-enabled":"default","ast-page-background-meta":{"desktop":{"background-color":"var(--ast-global-color-5)","background-image":"","background-repeat":"repeat","background-position":"center center","background-size":"auto","background-attachment":"scroll","background-type":"","background-media":"","overlay-type":"","overlay-color":"","overlay-opacity":"","overlay-gradient":""},"tablet":{"background-color":"","background-image":"","background-repeat":"repeat","background-position":"center center","background-size":"auto","background-attachment":"scroll","background-type":"","background-media":"","overlay-type":"","overlay-color":"","overlay-opacity":"","overlay-gradient":""},"mobile":{"background-color":"","background-image":"","background-repeat":"repeat","background-position":"center center","background-size":"auto","background-attachment":"scroll","background-type":"","background-media":"","overlay-type":"","overlay-color":"","overlay-opacity":"","overlay-gradient":""}},"ast-content-background-meta":{"desktop":{"background-color":"var(--ast-global-color-4)","background-image":"","background-repeat":"repeat","background-position":"center center","background-size":"auto","background-attachment":"scroll","background-type":"","background-media":"","overlay-type":"","overlay-color":"","overlay-opacity":"","overlay-gradient":""},"tablet":{"background-color":"var(--ast-global-color-4)","background-image":"","background-repeat":"repeat","background-position":"center center","background-size":"auto","background-attachment":"scroll","background-type":"","background-media":"","overlay-type":"","overlay-color":"","overlay-opacity":"","overlay-gradient":""},"mobile":{"background-color":"var(--ast-global-color-4)","background-image":"","background-repeat":"repeat","background-position":"center center","background-size":"auto","background-attachment":"scroll","background-type":"","background-media":"","overlay-type":"","overlay-color":"","overlay-opacity":"","overlay-gradient":""}},"pgc_sgb_lightbox_settings":""},"product_brand":[],"product_cat":[22],"product_tag":[],"class_list":{"0":"post-3772","1":"product","2":"type-product","3":"status-publish","4":"has-post-thumbnail","6":"product_cat-cursos","7":"desktop-align-left","8":"tablet-align-left","9":"mobile-align-left","11":"first","12":"instock","13":"sold-individually","14":"shipping-taxable","15":"purchasable","16":"product-type-simple"},"yoast_head":"<!-- This site is optimized with the Yoast SEO plugin v27.3 - https:\/\/yoast.com\/product\/yoast-seo-wordpress\/ -->\n<title>Curso Nataci\u00f3n (NEQUI) - SERVICIOS Y DEPORTES<\/title>\n<meta name=\"robots\" content=\"index, follow, max-snippet:-1, max-image-preview:large, max-video-preview:-1\" \/>\n<link rel=\"canonical\" href=\"https:\/\/serviciosydeportes.com.co\/?product=curso-natacion-nequi\" \/>\n<meta property=\"og:locale\" content=\"es_ES\" \/>\n<meta property=\"og:type\" content=\"article\" \/>\n<meta property=\"og:title\" content=\"Curso Nataci\u00f3n (NEQUI) - SERVICIOS Y DEPORTES\" \/>\n<meta property=\"og:description\" content=\"IMPLEMENTOS DEPORTIVOS PARA EL CURSO O PROGRAMA NATACION Traje de ba\u00f1o en licra o Uniforme de ba\u00f1o de SYLD, Gorro, Gafas, (No es obligatorio. Opcional o Solo en caso de ser necesario: lo decide el alumno seg\u00fan sus necesidades y\/o salud), Protecci\u00f3n para o\u00eddos y nariz (No es obligatorio. Opcional o Solo en caso de ser necesario: lo decide el alumno seg\u00fan sus necesidades y\/o salud) , Toalla y chanclas, Maleta preferiblemente con candado para guardar los objetos personales ubicados en el locker. Respetar el Reglamento para el Uso de Piscina y Vestier. as\u00ed como tambi\u00e9n sus normas de Ingreso ubicados antes de la entrada a la zona de Vestier y piscina.  EDAD: Ni\u00f1os desde 4 a\u00f1os en adelante y Adultos.\" \/>\n<meta property=\"og:url\" content=\"https:\/\/serviciosydeportes.com.co\/?product=curso-natacion-nequi\" \/>\n<meta property=\"og:site_name\" content=\"SERVICIOS Y DEPORTES\" \/>\n<meta property=\"article:publisher\" content=\"https:\/\/web.facebook.com\/escuela.s.y.l.d\/\" \/>\n<meta property=\"article:modified_time\" content=\"2026-03-12T16:27:16+00:00\" \/>\n<meta property=\"og:image\" content=\"https:\/\/serviciosydeportes.com.co\/wp-content\/uploads\/2025\/02\/DALL\u00b7E-2025-03-01-19.30.53-A-perfectly-top-down-cenital-view-image-in-a-minimalist-line-art-style-to-tell-the-story-of-a-swimming-school.-The-composition-features-simple-clea.webp\" \/>\n\t<meta property=\"og:image:width\" content=\"1024\" \/>\n\t<meta property=\"og:image:height\" content=\"1024\" \/>\n\t<meta property=\"og:image:type\" content=\"image\/webp\" \/>\n<meta name=\"twitter:card\" content=\"summary_large_image\" \/>\n<meta name=\"twitter:label1\" content=\"Tiempo de lectura\" \/>\n\t<meta name=\"twitter:data1\" content=\"1 minuto\" \/>\n<script type=\"application\/ld+json\" class=\"yoast-schema-graph\">{\"@context\":\"https:\\\/\\\/schema.org\",\"@graph\":[{\"@type\":\"WebPage\",\"@id\":\"https:\\\/\\\/serviciosydeportes.com.co\\\/?product=curso-natacion-nequi\",\"url\":\"https:\\\/\\\/serviciosydeportes.com.co\\\/?product=curso-natacion-nequi\",\"name\":\"Curso Nataci\u00f3n (NEQUI) - SERVICIOS Y DEPORTES\",\"isPartOf\":{\"@id\":\"https:\\\/\\\/serviciosydeportes.com.co\\\/#website\"},\"primaryImageOfPage\":{\"@id\":\"https:\\\/\\\/serviciosydeportes.com.co\\\/?product=curso-natacion-nequi#primaryimage\"},\"image\":{\"@id\":\"https:\\\/\\\/serviciosydeportes.com.co\\\/?product=curso-natacion-nequi#primaryimage\"},\"thumbnailUrl\":\"https:\\\/\\\/serviciosydeportes.com.co\\\/wp-content\\\/uploads\\\/2025\\\/02\\\/DALL\u00b7E-2025-03-01-19.30.53-A-perfectly-top-down-cenital-view-image-in-a-minimalist-line-art-style-to-tell-the-story-of-a-swimming-school.-The-composition-features-simple-clea.webp\",\"datePublished\":\"2026-03-12T16:24:10+00:00\",\"dateModified\":\"2026-03-12T16:27:16+00:00\",\"breadcrumb\":{\"@id\":\"https:\\\/\\\/serviciosydeportes.com.co\\\/?product=curso-natacion-nequi#breadcrumb\"},\"inLanguage\":\"es\",\"potentialAction\":[{\"@type\":\"ReadAction\",\"target\":[\"https:\\\/\\\/serviciosydeportes.com.co\\\/?product=curso-natacion-nequi\"]}]},{\"@type\":\"ImageObject\",\"inLanguage\":\"es\",\"@id\":\"https:\\\/\\\/serviciosydeportes.com.co\\\/?product=curso-natacion-nequi#primaryimage\",\"url\":\"https:\\\/\\\/serviciosydeportes.com.co\\\/wp-content\\\/uploads\\\/2025\\\/02\\\/DALL\u00b7E-2025-03-01-19.30.53-A-perfectly-top-down-cenital-view-image-in-a-minimalist-line-art-style-to-tell-the-story-of-a-swimming-school.-The-composition-features-simple-clea.webp\",\"contentUrl\":\"https:\\\/\\\/serviciosydeportes.com.co\\\/wp-content\\\/uploads\\\/2025\\\/02\\\/DALL\u00b7E-2025-03-01-19.30.53-A-perfectly-top-down-cenital-view-image-in-a-minimalist-line-art-style-to-tell-the-story-of-a-swimming-school.-The-composition-features-simple-clea.webp\",\"width\":1024,\"height\":1024},{\"@type\":\"BreadcrumbList\",\"@id\":\"https:\\\/\\\/serviciosydeportes.com.co\\\/?product=curso-natacion-nequi#breadcrumb\",\"itemListElement\":[{\"@type\":\"ListItem\",\"position\":1,\"name\":\"Portada\",\"item\":\"https:\\\/\\\/serviciosydeportes.com.co\\\/\"},{\"@type\":\"ListItem\",\"position\":2,\"name\":\"Tienda\",\"item\":\"https:\\\/\\\/serviciosydeportes.com.co\\\/?page_id=72\"},{\"@type\":\"ListItem\",\"position\":3,\"name\":\"Curso Nataci\u00f3n (NEQUI)\"}]},{\"@type\":\"WebSite\",\"@id\":\"https:\\\/\\\/serviciosydeportes.com.co\\\/#website\",\"url\":\"https:\\\/\\\/serviciosydeportes.com.co\\\/\",\"name\":\"SERVICIOSYDEPORTES.COM.CO\",\"description\":\"\",\"publisher\":{\"@id\":\"https:\\\/\\\/serviciosydeportes.com.co\\\/#organization\"},\"potentialAction\":[{\"@type\":\"SearchAction\",\"target\":{\"@type\":\"EntryPoint\",\"urlTemplate\":\"https:\\\/\\\/serviciosydeportes.com.co\\\/?s={search_term_string}\"},\"query-input\":{\"@type\":\"PropertyValueSpecification\",\"valueRequired\":true,\"valueName\":\"search_term_string\"}}],\"inLanguage\":\"es\"},{\"@type\":\"Organization\",\"@id\":\"https:\\\/\\\/serviciosydeportes.com.co\\\/#organization\",\"name\":\"SERVICIOS Y DEPORTES SYLD\",\"url\":\"https:\\\/\\\/serviciosydeportes.com.co\\\/\",\"logo\":{\"@type\":\"ImageObject\",\"inLanguage\":\"es\",\"@id\":\"https:\\\/\\\/serviciosydeportes.com.co\\\/#\\\/schema\\\/logo\\\/image\\\/\",\"url\":\"https:\\\/\\\/serviciosydeportes.com.co\\\/wp-content\\\/uploads\\\/2025\\\/02\\\/log21kjh.png\",\"contentUrl\":\"https:\\\/\\\/serviciosydeportes.com.co\\\/wp-content\\\/uploads\\\/2025\\\/02\\\/log21kjh.png\",\"width\":160,\"height\":160,\"caption\":\"SERVICIOS Y DEPORTES SYLD\"},\"image\":{\"@id\":\"https:\\\/\\\/serviciosydeportes.com.co\\\/#\\\/schema\\\/logo\\\/image\\\/\"},\"sameAs\":[\"https:\\\/\\\/web.facebook.com\\\/escuela.s.y.l.d\\\/\",\"https:\\\/\\\/www.instagram.com\\\/escuela_s.y.l.d\"]}]}<\/script>\n<!-- \/ Yoast SEO plugin. -->","yoast_head_json":{"title":"Curso Nataci\u00f3n (NEQUI) - SERVICIOS Y DEPORTES","robots":{"index":"index","follow":"follow","max-snippet":"max-snippet:-1","max-image-preview":"max-image-preview:large","max-video-preview":"max-video-preview:-1"},"canonical":"https:\/\/serviciosydeportes.com.co\/?product=curso-natacion-nequi","og_locale":"es_ES","og_type":"article","og_title":"Curso Nataci\u00f3n (NEQUI) - SERVICIOS Y DEPORTES","og_description":"IMPLEMENTOS DEPORTIVOS PARA EL CURSO O PROGRAMA NATACION Traje de ba\u00f1o en licra o Uniforme de ba\u00f1o de SYLD, Gorro, Gafas, (No es obligatorio. Opcional o Solo en caso de ser necesario: lo decide el alumno seg\u00fan sus necesidades y\/o salud), Protecci\u00f3n para o\u00eddos y nariz (No es obligatorio. Opcional o Solo en caso de ser necesario: lo decide el alumno seg\u00fan sus necesidades y\/o salud) , Toalla y chanclas, Maleta preferiblemente con candado para guardar los objetos personales ubicados en el locker. Respetar el Reglamento para el Uso de Piscina y Vestier. as\u00ed como tambi\u00e9n sus normas de Ingreso ubicados antes de la entrada a la zona de Vestier y piscina.  EDAD: Ni\u00f1os desde 4 a\u00f1os en adelante y Adultos.","og_url":"https:\/\/serviciosydeportes.com.co\/?product=curso-natacion-nequi","og_site_name":"SERVICIOS Y DEPORTES","article_publisher":"https:\/\/web.facebook.com\/escuela.s.y.l.d\/","article_modified_time":"2026-03-12T16:27:16+00:00","og_image":[{"width":1024,"height":1024,"url":"https:\/\/serviciosydeportes.com.co\/wp-content\/uploads\/2025\/02\/DALL\u00b7E-2025-03-01-19.30.53-A-perfectly-top-down-cenital-view-image-in-a-minimalist-line-art-style-to-tell-the-story-of-a-swimming-school.-The-composition-features-simple-clea.webp","type":"image\/webp"}],"twitter_card":"summary_large_image","twitter_misc":{"Tiempo de lectura":"1 minuto"},"schema":{"@context":"https:\/\/schema.org","@graph":[{"@type":"WebPage","@id":"https:\/\/serviciosydeportes.com.co\/?product=curso-natacion-nequi","url":"https:\/\/serviciosydeportes.com.co\/?product=curso-natacion-nequi","name":"Curso Nataci\u00f3n (NEQUI) - SERVICIOS Y DEPORTES","isPartOf":{"@id":"https:\/\/serviciosydeportes.com.co\/#website"},"primaryImageOfPage":{"@id":"https:\/\/serviciosydeportes.com.co\/?product=curso-natacion-nequi#primaryimage"},"image":{"@id":"https:\/\/serviciosydeportes.com.co\/?product=curso-natacion-nequi#primaryimage"},"thumbnailUrl":"https:\/\/serviciosydeportes.com.co\/wp-content\/uploads\/2025\/02\/DALL\u00b7E-2025-03-01-19.30.53-A-perfectly-top-down-cenital-view-image-in-a-minimalist-line-art-style-to-tell-the-story-of-a-swimming-school.-The-composition-features-simple-clea.webp","datePublished":"2026-03-12T16:24:10+00:00","dateModified":"2026-03-12T16:27:16+00:00","breadcrumb":{"@id":"https:\/\/serviciosydeportes.com.co\/?product=curso-natacion-nequi#breadcrumb"},"inLanguage":"es","potentialAction":[{"@type":"ReadAction","target":["https:\/\/serviciosydeportes.com.co\/?product=curso-natacion-nequi"]}]},{"@type":"ImageObject","inLanguage":"es","@id":"https:\/\/serviciosydeportes.com.co\/?product=curso-natacion-nequi#primaryimage","url":"https:\/\/serviciosydeportes.com.co\/wp-content\/uploads\/2025\/02\/DALL\u00b7E-2025-03-01-19.30.53-A-perfectly-top-down-cenital-view-image-in-a-minimalist-line-art-style-to-tell-the-story-of-a-swimming-school.-The-composition-features-simple-clea.webp","contentUrl":"https:\/\/serviciosydeportes.com.co\/wp-content\/uploads\/2025\/02\/DALL\u00b7E-2025-03-01-19.30.53-A-perfectly-top-down-cenital-view-image-in-a-minimalist-line-art-style-to-tell-the-story-of-a-swimming-school.-The-composition-features-simple-clea.webp","width":1024,"height":1024},{"@type":"BreadcrumbList","@id":"https:\/\/serviciosydeportes.com.co\/?product=curso-natacion-nequi#breadcrumb","itemListElement":[{"@type":"ListItem","position":1,"name":"Portada","item":"https:\/\/serviciosydeportes.com.co\/"},{"@type":"ListItem","position":2,"name":"Tienda","item":"https:\/\/serviciosydeportes.com.co\/?page_id=72"},{"@type":"ListItem","position":3,"name":"Curso Nataci\u00f3n (NEQUI)"}]},{"@type":"WebSite","@id":"https:\/\/serviciosydeportes.com.co\/#website","url":"https:\/\/serviciosydeportes.com.co\/","name":"SERVICIOSYDEPORTES.COM.CO","description":"","publisher":{"@id":"https:\/\/serviciosydeportes.com.co\/#organization"},"potentialAction":[{"@type":"SearchAction","target":{"@type":"EntryPoint","urlTemplate":"https:\/\/serviciosydeportes.com.co\/?s={search_term_string}"},"query-input":{"@type":"PropertyValueSpecification","valueRequired":true,"valueName":"search_term_string"}}],"inLanguage":"es"},{"@type":"Organization","@id":"https:\/\/serviciosydeportes.com.co\/#organization","name":"SERVICIOS Y DEPORTES SYLD","url":"https:\/\/serviciosydeportes.com.co\/","logo":{"@type":"ImageObject","inLanguage":"es","@id":"https:\/\/serviciosydeportes.com.co\/#\/schema\/logo\/image\/","url":"https:\/\/serviciosydeportes.com.co\/wp-content\/uploads\/2025\/02\/log21kjh.png","contentUrl":"https:\/\/serviciosydeportes.com.co\/wp-content\/uploads\/2025\/02\/log21kjh.png","width":160,"height":160,"caption":"SERVICIOS Y DEPORTES SYLD"},"image":{"@id":"https:\/\/serviciosydeportes.com.co\/#\/schema\/logo\/image\/"},"sameAs":["https:\/\/web.facebook.com\/escuela.s.y.l.d\/","https:\/\/www.instagram.com\/escuela_s.y.l.d"]}]}},"_links":{"self":[{"href":"https:\/\/serviciosydeportes.com.co\/index.php?rest_route=\/wp\/v2\/product\/3772","targetHints":{"allow":["GET"]}}],"collection":[{"href":"https:\/\/serviciosydeportes.com.co\/index.php?rest_route=\/wp\/v2\/product"}],"about":[{"href":"https:\/\/serviciosydeportes.com.co\/index.php?rest_route=\/wp\/v2\/types\/product"}],"wp:featuredmedia":[{"embeddable":true,"href":"https:\/\/serviciosydeportes.com.co\/index.php?rest_route=\/wp\/v2\/media\/3425"}],"wp:attachment":[{"href":"https:\/\/serviciosydeportes.com.co\/index.php?rest_route=%2Fwp%2Fv2%2Fmedia&parent=3772"}],"wp:term":[{"taxonomy":"product_brand","embeddable":true,"href":"https:\/\/serviciosydeportes.com.co\/index.php?rest_route=%2Fwp%2Fv2%2Fproduct_brand&post=3772"},{"taxonomy":"product_cat","embeddable":true,"href":"https:\/\/serviciosydeportes.com.co\/index.php?rest_route=%2Fwp%2Fv2%2Fproduct_cat&post=3772"},{"taxonomy":"product_tag","embeddable":true,"href":"https:\/\/serviciosydeportes.com.co\/index.php?rest_route=%2Fwp%2Fv2%2Fproduct_tag&post=3772"}],"curies":[{"name":"wp","href":"https:\/\/api.w.org\/{rel}","templated":true}]}}