{"id":249,"date":"2025-02-25T20:08:51","date_gmt":"2025-02-25T19:08:51","guid":{"rendered":"http:\/\/localhost\/wordpresslocal\/syld\/?post_type=product&#038;p=249"},"modified":"2025-03-02T09:35:48","modified_gmt":"2025-03-02T08:35:48","slug":"natacion-terapeutica","status":"publish","type":"product","link":"https:\/\/serviciosydeportes.com.co\/?product=natacion-terapeutica","title":{"rendered":"Nataci\u00f3n Terap\u00e9utica"},"content":{"rendered":"","protected":false},"excerpt":{"rendered":"<p>&nbsp;<\/p>\n<p data-start=\"199\" data-end=\"584\">La <strong data-start=\"202\" data-end=\"226\">Nataci\u00f3n Terap\u00e9utica<\/strong> es un servicio especializado dise\u00f1ado para promover la <strong data-start=\"282\" data-end=\"353\">recuperaci\u00f3n f\u00edsica, el bienestar y la mejora de la calidad de vida<\/strong> a trav\u00e9s de ejercicios espec\u00edficos en el agua. Bajo la gu\u00eda de instructores capacitados, esta modalidad combina los beneficios terap\u00e9uticos del medio acu\u00e1tico con t\u00e9cnicas adaptadas a las necesidades individuales de cada alumno.<\/p>\n<p data-start=\"586\" data-end=\"929\"><strong data-start=\"588\" data-end=\"618\">Ideal para rehabilitaci\u00f3n:<\/strong> Indicada para personas con lesiones musculares, articulares o condiciones cr\u00f3nicas.<br data-start=\"702\" data-end=\"705\" \/><strong data-start=\"707\" data-end=\"733\">Beneficios integrales:<\/strong> Mejora la movilidad, reduce el dolor y fortalece el sistema cardiovascular.<br data-start=\"809\" data-end=\"812\" \/><strong data-start=\"814\" data-end=\"848\">Ambiente seguro y profesional:<\/strong> Sesiones personalizadas en instalaciones adecuadas y bajo supervisi\u00f3n experta.<\/p>\n<p data-start=\"931\" data-end=\"1118\">Descubra c\u00f3mo la <strong data-start=\"948\" data-end=\"972\">Nataci\u00f3n Terap\u00e9utica<\/strong> puede ayudarle a recuperar su bienestar de forma efectiva y segura.<br data-start=\"1040\" data-end=\"1043\" \/><strong data-start=\"1043\" data-end=\"1063\">Inscr\u00edbase ahora<\/strong> y d\u00e9 el primer paso hacia una mejor calidad de vida.<\/p>\n<hr \/>\n<p><strong>IMPORTANTE:<\/strong> No se paga matricula, se agenda con anterioridad.<\/p>\n<h2 style=\"text-align: center;\"><\/h2>\n","protected":false},"featured_media":3429,"template":"","meta":{"site-sidebar-layout":"default","site-content-layout":"","ast-site-content-layout":"default","site-content-style":"default","site-sidebar-style":"default","ast-global-header-display":"","ast-banner-title-visibility":"","ast-main-header-display":"","ast-hfb-above-header-display":"","ast-hfb-below-header-display":"","ast-hfb-mobile-header-display":"","site-post-title":"","ast-breadcrumbs-content":"","ast-featured-img":"","footer-sml-layout":"","ast-disable-related-posts":"","theme-transparent-header-meta":"default","adv-header-id-meta":"","stick-header-meta":"","header-above-stick-meta":"","header-main-stick-meta":"","header-below-stick-meta":"","astra-migrate-meta-layouts":"set","ast-page-background-enabled":"default","ast-page-background-meta":{"desktop":{"background-color":"var(--ast-global-color-5)","background-image":"","background-repeat":"repeat","background-position":"center center","background-size":"auto","background-attachment":"scroll","background-type":"","background-media":"","overlay-type":"","overlay-color":"","overlay-opacity":"","overlay-gradient":""},"tablet":{"background-color":"","background-image":"","background-repeat":"repeat","background-position":"center center","background-size":"auto","background-attachment":"scroll","background-type":"","background-media":"","overlay-type":"","overlay-color":"","overlay-opacity":"","overlay-gradient":""},"mobile":{"background-color":"","background-image":"","background-repeat":"repeat","background-position":"center center","background-size":"auto","background-attachment":"scroll","background-type":"","background-media":"","overlay-type":"","overlay-color":"","overlay-opacity":"","overlay-gradient":""}},"ast-content-background-meta":{"desktop":{"background-color":"var(--ast-global-color-4)","background-image":"","background-repeat":"repeat","background-position":"center center","background-size":"auto","background-attachment":"scroll","background-type":"","background-media":"","overlay-type":"","overlay-color":"","overlay-opacity":"","overlay-gradient":""},"tablet":{"background-color":"var(--ast-global-color-4)","background-image":"","background-repeat":"repeat","background-position":"center center","background-size":"auto","background-attachment":"scroll","background-type":"","background-media":"","overlay-type":"","overlay-color":"","overlay-opacity":"","overlay-gradient":""},"mobile":{"background-color":"var(--ast-global-color-4)","background-image":"","background-repeat":"repeat","background-position":"center center","background-size":"auto","background-attachment":"scroll","background-type":"","background-media":"","overlay-type":"","overlay-color":"","overlay-opacity":"","overlay-gradient":""}},"pgc_sgb_lightbox_settings":""},"product_brand":[],"product_cat":[22],"product_tag":[],"class_list":{"0":"post-249","1":"product","2":"type-product","3":"status-publish","4":"has-post-thumbnail","6":"product_cat-cursos","7":"desktop-align-left","8":"tablet-align-left","9":"mobile-align-left","11":"first","12":"instock","13":"sold-individually","14":"shipping-taxable","15":"purchasable","16":"product-type-simple"},"yoast_head":"<!-- This site is optimized with the Yoast SEO plugin v27.3 - https:\/\/yoast.com\/product\/yoast-seo-wordpress\/ -->\n<title>Nataci\u00f3n Terap\u00e9utica - SERVICIOS Y DEPORTES<\/title>\n<meta name=\"robots\" content=\"index, follow, max-snippet:-1, max-image-preview:large, max-video-preview:-1\" \/>\n<link rel=\"canonical\" href=\"https:\/\/serviciosydeportes.com.co\/?product=natacion-terapeutica\" \/>\n<meta property=\"og:locale\" content=\"es_ES\" \/>\n<meta property=\"og:type\" content=\"article\" \/>\n<meta property=\"og:title\" content=\"Nataci\u00f3n Terap\u00e9utica - SERVICIOS Y DEPORTES\" \/>\n<meta property=\"og:description\" content=\"&nbsp; La Nataci\u00f3n Terap\u00e9utica es un servicio especializado dise\u00f1ado para promover la recuperaci\u00f3n f\u00edsica, el bienestar y la mejora de la calidad de vida a trav\u00e9s de ejercicios espec\u00edficos en el agua. Bajo la gu\u00eda de instructores capacitados, esta modalidad combina los beneficios terap\u00e9uticos del medio acu\u00e1tico con t\u00e9cnicas adaptadas a las necesidades individuales de cada alumno. Ideal para rehabilitaci\u00f3n: Indicada para personas con lesiones musculares, articulares o condiciones cr\u00f3nicas.Beneficios integrales: Mejora la movilidad, reduce el dolor y fortalece el sistema cardiovascular.Ambiente seguro y profesional: Sesiones personalizadas en instalaciones adecuadas y bajo supervisi\u00f3n experta. Descubra c\u00f3mo la Nataci\u00f3n Terap\u00e9utica puede ayudarle a recuperar su bienestar de forma efectiva y segura.Inscr\u00edbase ahora y d\u00e9 el primer paso hacia una mejor calidad de vida.     IMPORTANTE: No se paga matricula, se agenda con anterioridad.\" \/>\n<meta property=\"og:url\" content=\"https:\/\/serviciosydeportes.com.co\/?product=natacion-terapeutica\" \/>\n<meta property=\"og:site_name\" content=\"SERVICIOS Y DEPORTES\" \/>\n<meta property=\"article:publisher\" content=\"https:\/\/web.facebook.com\/escuela.s.y.l.d\/\" \/>\n<meta property=\"article:modified_time\" content=\"2025-03-02T08:35:48+00:00\" \/>\n<meta property=\"og:image\" content=\"https:\/\/serviciosydeportes.com.co\/wp-content\/uploads\/2025\/02\/DALL\u00b7E-2025-03-01-19.35.02-A-perfectly-top-down-cenital-view-image-in-a-minimalist-line-art-style-to-tell-the-story-of-therapeutic-swimming.-The-composition-features-simple-c.webp\" \/>\n\t<meta property=\"og:image:width\" content=\"1024\" \/>\n\t<meta property=\"og:image:height\" content=\"1024\" \/>\n\t<meta property=\"og:image:type\" content=\"image\/webp\" \/>\n<meta name=\"twitter:card\" content=\"summary_large_image\" \/>\n<script type=\"application\/ld+json\" class=\"yoast-schema-graph\">{\"@context\":\"https:\\\/\\\/schema.org\",\"@graph\":[{\"@type\":\"WebPage\",\"@id\":\"https:\\\/\\\/serviciosydeportes.com.co\\\/?product=natacion-terapeutica\",\"url\":\"https:\\\/\\\/serviciosydeportes.com.co\\\/?product=natacion-terapeutica\",\"name\":\"Nataci\u00f3n Terap\u00e9utica - SERVICIOS Y DEPORTES\",\"isPartOf\":{\"@id\":\"https:\\\/\\\/serviciosydeportes.com.co\\\/#website\"},\"primaryImageOfPage\":{\"@id\":\"https:\\\/\\\/serviciosydeportes.com.co\\\/?product=natacion-terapeutica#primaryimage\"},\"image\":{\"@id\":\"https:\\\/\\\/serviciosydeportes.com.co\\\/?product=natacion-terapeutica#primaryimage\"},\"thumbnailUrl\":\"https:\\\/\\\/serviciosydeportes.com.co\\\/wp-content\\\/uploads\\\/2025\\\/02\\\/DALL\u00b7E-2025-03-01-19.35.02-A-perfectly-top-down-cenital-view-image-in-a-minimalist-line-art-style-to-tell-the-story-of-therapeutic-swimming.-The-composition-features-simple-c.webp\",\"datePublished\":\"2025-02-25T19:08:51+00:00\",\"dateModified\":\"2025-03-02T08:35:48+00:00\",\"breadcrumb\":{\"@id\":\"https:\\\/\\\/serviciosydeportes.com.co\\\/?product=natacion-terapeutica#breadcrumb\"},\"inLanguage\":\"es\",\"potentialAction\":[{\"@type\":\"ReadAction\",\"target\":[\"https:\\\/\\\/serviciosydeportes.com.co\\\/?product=natacion-terapeutica\"]}]},{\"@type\":\"ImageObject\",\"inLanguage\":\"es\",\"@id\":\"https:\\\/\\\/serviciosydeportes.com.co\\\/?product=natacion-terapeutica#primaryimage\",\"url\":\"https:\\\/\\\/serviciosydeportes.com.co\\\/wp-content\\\/uploads\\\/2025\\\/02\\\/DALL\u00b7E-2025-03-01-19.35.02-A-perfectly-top-down-cenital-view-image-in-a-minimalist-line-art-style-to-tell-the-story-of-therapeutic-swimming.-The-composition-features-simple-c.webp\",\"contentUrl\":\"https:\\\/\\\/serviciosydeportes.com.co\\\/wp-content\\\/uploads\\\/2025\\\/02\\\/DALL\u00b7E-2025-03-01-19.35.02-A-perfectly-top-down-cenital-view-image-in-a-minimalist-line-art-style-to-tell-the-story-of-therapeutic-swimming.-The-composition-features-simple-c.webp\",\"width\":1024,\"height\":1024},{\"@type\":\"BreadcrumbList\",\"@id\":\"https:\\\/\\\/serviciosydeportes.com.co\\\/?product=natacion-terapeutica#breadcrumb\",\"itemListElement\":[{\"@type\":\"ListItem\",\"position\":1,\"name\":\"Portada\",\"item\":\"https:\\\/\\\/serviciosydeportes.com.co\\\/\"},{\"@type\":\"ListItem\",\"position\":2,\"name\":\"Tienda\",\"item\":\"https:\\\/\\\/serviciosydeportes.com.co\\\/?page_id=72\"},{\"@type\":\"ListItem\",\"position\":3,\"name\":\"Nataci\u00f3n Terap\u00e9utica\"}]},{\"@type\":\"WebSite\",\"@id\":\"https:\\\/\\\/serviciosydeportes.com.co\\\/#website\",\"url\":\"https:\\\/\\\/serviciosydeportes.com.co\\\/\",\"name\":\"SERVICIOSYDEPORTES.COM.CO\",\"description\":\"\",\"publisher\":{\"@id\":\"https:\\\/\\\/serviciosydeportes.com.co\\\/#organization\"},\"potentialAction\":[{\"@type\":\"SearchAction\",\"target\":{\"@type\":\"EntryPoint\",\"urlTemplate\":\"https:\\\/\\\/serviciosydeportes.com.co\\\/?s={search_term_string}\"},\"query-input\":{\"@type\":\"PropertyValueSpecification\",\"valueRequired\":true,\"valueName\":\"search_term_string\"}}],\"inLanguage\":\"es\"},{\"@type\":\"Organization\",\"@id\":\"https:\\\/\\\/serviciosydeportes.com.co\\\/#organization\",\"name\":\"SERVICIOS Y DEPORTES SYLD\",\"url\":\"https:\\\/\\\/serviciosydeportes.com.co\\\/\",\"logo\":{\"@type\":\"ImageObject\",\"inLanguage\":\"es\",\"@id\":\"https:\\\/\\\/serviciosydeportes.com.co\\\/#\\\/schema\\\/logo\\\/image\\\/\",\"url\":\"https:\\\/\\\/serviciosydeportes.com.co\\\/wp-content\\\/uploads\\\/2025\\\/02\\\/log21kjh.png\",\"contentUrl\":\"https:\\\/\\\/serviciosydeportes.com.co\\\/wp-content\\\/uploads\\\/2025\\\/02\\\/log21kjh.png\",\"width\":160,\"height\":160,\"caption\":\"SERVICIOS Y DEPORTES SYLD\"},\"image\":{\"@id\":\"https:\\\/\\\/serviciosydeportes.com.co\\\/#\\\/schema\\\/logo\\\/image\\\/\"},\"sameAs\":[\"https:\\\/\\\/web.facebook.com\\\/escuela.s.y.l.d\\\/\",\"https:\\\/\\\/www.instagram.com\\\/escuela_s.y.l.d\"]}]}<\/script>\n<!-- \/ Yoast SEO plugin. -->","yoast_head_json":{"title":"Nataci\u00f3n Terap\u00e9utica - SERVICIOS Y DEPORTES","robots":{"index":"index","follow":"follow","max-snippet":"max-snippet:-1","max-image-preview":"max-image-preview:large","max-video-preview":"max-video-preview:-1"},"canonical":"https:\/\/serviciosydeportes.com.co\/?product=natacion-terapeutica","og_locale":"es_ES","og_type":"article","og_title":"Nataci\u00f3n Terap\u00e9utica - SERVICIOS Y DEPORTES","og_description":"&nbsp; La Nataci\u00f3n Terap\u00e9utica es un servicio especializado dise\u00f1ado para promover la recuperaci\u00f3n f\u00edsica, el bienestar y la mejora de la calidad de vida a trav\u00e9s de ejercicios espec\u00edficos en el agua. Bajo la gu\u00eda de instructores capacitados, esta modalidad combina los beneficios terap\u00e9uticos del medio acu\u00e1tico con t\u00e9cnicas adaptadas a las necesidades individuales de cada alumno. Ideal para rehabilitaci\u00f3n: Indicada para personas con lesiones musculares, articulares o condiciones cr\u00f3nicas.Beneficios integrales: Mejora la movilidad, reduce el dolor y fortalece el sistema cardiovascular.Ambiente seguro y profesional: Sesiones personalizadas en instalaciones adecuadas y bajo supervisi\u00f3n experta. Descubra c\u00f3mo la Nataci\u00f3n Terap\u00e9utica puede ayudarle a recuperar su bienestar de forma efectiva y segura.Inscr\u00edbase ahora y d\u00e9 el primer paso hacia una mejor calidad de vida.     IMPORTANTE: No se paga matricula, se agenda con anterioridad.","og_url":"https:\/\/serviciosydeportes.com.co\/?product=natacion-terapeutica","og_site_name":"SERVICIOS Y DEPORTES","article_publisher":"https:\/\/web.facebook.com\/escuela.s.y.l.d\/","article_modified_time":"2025-03-02T08:35:48+00:00","og_image":[{"width":1024,"height":1024,"url":"https:\/\/serviciosydeportes.com.co\/wp-content\/uploads\/2025\/02\/DALL\u00b7E-2025-03-01-19.35.02-A-perfectly-top-down-cenital-view-image-in-a-minimalist-line-art-style-to-tell-the-story-of-therapeutic-swimming.-The-composition-features-simple-c.webp","type":"image\/webp"}],"twitter_card":"summary_large_image","schema":{"@context":"https:\/\/schema.org","@graph":[{"@type":"WebPage","@id":"https:\/\/serviciosydeportes.com.co\/?product=natacion-terapeutica","url":"https:\/\/serviciosydeportes.com.co\/?product=natacion-terapeutica","name":"Nataci\u00f3n Terap\u00e9utica - SERVICIOS Y DEPORTES","isPartOf":{"@id":"https:\/\/serviciosydeportes.com.co\/#website"},"primaryImageOfPage":{"@id":"https:\/\/serviciosydeportes.com.co\/?product=natacion-terapeutica#primaryimage"},"image":{"@id":"https:\/\/serviciosydeportes.com.co\/?product=natacion-terapeutica#primaryimage"},"thumbnailUrl":"https:\/\/serviciosydeportes.com.co\/wp-content\/uploads\/2025\/02\/DALL\u00b7E-2025-03-01-19.35.02-A-perfectly-top-down-cenital-view-image-in-a-minimalist-line-art-style-to-tell-the-story-of-therapeutic-swimming.-The-composition-features-simple-c.webp","datePublished":"2025-02-25T19:08:51+00:00","dateModified":"2025-03-02T08:35:48+00:00","breadcrumb":{"@id":"https:\/\/serviciosydeportes.com.co\/?product=natacion-terapeutica#breadcrumb"},"inLanguage":"es","potentialAction":[{"@type":"ReadAction","target":["https:\/\/serviciosydeportes.com.co\/?product=natacion-terapeutica"]}]},{"@type":"ImageObject","inLanguage":"es","@id":"https:\/\/serviciosydeportes.com.co\/?product=natacion-terapeutica#primaryimage","url":"https:\/\/serviciosydeportes.com.co\/wp-content\/uploads\/2025\/02\/DALL\u00b7E-2025-03-01-19.35.02-A-perfectly-top-down-cenital-view-image-in-a-minimalist-line-art-style-to-tell-the-story-of-therapeutic-swimming.-The-composition-features-simple-c.webp","contentUrl":"https:\/\/serviciosydeportes.com.co\/wp-content\/uploads\/2025\/02\/DALL\u00b7E-2025-03-01-19.35.02-A-perfectly-top-down-cenital-view-image-in-a-minimalist-line-art-style-to-tell-the-story-of-therapeutic-swimming.-The-composition-features-simple-c.webp","width":1024,"height":1024},{"@type":"BreadcrumbList","@id":"https:\/\/serviciosydeportes.com.co\/?product=natacion-terapeutica#breadcrumb","itemListElement":[{"@type":"ListItem","position":1,"name":"Portada","item":"https:\/\/serviciosydeportes.com.co\/"},{"@type":"ListItem","position":2,"name":"Tienda","item":"https:\/\/serviciosydeportes.com.co\/?page_id=72"},{"@type":"ListItem","position":3,"name":"Nataci\u00f3n Terap\u00e9utica"}]},{"@type":"WebSite","@id":"https:\/\/serviciosydeportes.com.co\/#website","url":"https:\/\/serviciosydeportes.com.co\/","name":"SERVICIOSYDEPORTES.COM.CO","description":"","publisher":{"@id":"https:\/\/serviciosydeportes.com.co\/#organization"},"potentialAction":[{"@type":"SearchAction","target":{"@type":"EntryPoint","urlTemplate":"https:\/\/serviciosydeportes.com.co\/?s={search_term_string}"},"query-input":{"@type":"PropertyValueSpecification","valueRequired":true,"valueName":"search_term_string"}}],"inLanguage":"es"},{"@type":"Organization","@id":"https:\/\/serviciosydeportes.com.co\/#organization","name":"SERVICIOS Y DEPORTES SYLD","url":"https:\/\/serviciosydeportes.com.co\/","logo":{"@type":"ImageObject","inLanguage":"es","@id":"https:\/\/serviciosydeportes.com.co\/#\/schema\/logo\/image\/","url":"https:\/\/serviciosydeportes.com.co\/wp-content\/uploads\/2025\/02\/log21kjh.png","contentUrl":"https:\/\/serviciosydeportes.com.co\/wp-content\/uploads\/2025\/02\/log21kjh.png","width":160,"height":160,"caption":"SERVICIOS Y DEPORTES SYLD"},"image":{"@id":"https:\/\/serviciosydeportes.com.co\/#\/schema\/logo\/image\/"},"sameAs":["https:\/\/web.facebook.com\/escuela.s.y.l.d\/","https:\/\/www.instagram.com\/escuela_s.y.l.d"]}]}},"_links":{"self":[{"href":"https:\/\/serviciosydeportes.com.co\/index.php?rest_route=\/wp\/v2\/product\/249","targetHints":{"allow":["GET"]}}],"collection":[{"href":"https:\/\/serviciosydeportes.com.co\/index.php?rest_route=\/wp\/v2\/product"}],"about":[{"href":"https:\/\/serviciosydeportes.com.co\/index.php?rest_route=\/wp\/v2\/types\/product"}],"wp:featuredmedia":[{"embeddable":true,"href":"https:\/\/serviciosydeportes.com.co\/index.php?rest_route=\/wp\/v2\/media\/3429"}],"wp:attachment":[{"href":"https:\/\/serviciosydeportes.com.co\/index.php?rest_route=%2Fwp%2Fv2%2Fmedia&parent=249"}],"wp:term":[{"taxonomy":"product_brand","embeddable":true,"href":"https:\/\/serviciosydeportes.com.co\/index.php?rest_route=%2Fwp%2Fv2%2Fproduct_brand&post=249"},{"taxonomy":"product_cat","embeddable":true,"href":"https:\/\/serviciosydeportes.com.co\/index.php?rest_route=%2Fwp%2Fv2%2Fproduct_cat&post=249"},{"taxonomy":"product_tag","embeddable":true,"href":"https:\/\/serviciosydeportes.com.co\/index.php?rest_route=%2Fwp%2Fv2%2Fproduct_tag&post=249"}],"curies":[{"name":"wp","href":"https:\/\/api.w.org\/{rel}","templated":true}]}}