{"id":247,"date":"2025-02-25T20:08:51","date_gmt":"2025-02-25T19:08:51","guid":{"rendered":"http:\/\/localhost\/wordpresslocal\/syld\/?post_type=product&#038;p=247"},"modified":"2025-03-02T08:45:27","modified_gmt":"2025-03-02T07:45:27","slug":"curso-karate-do","status":"publish","type":"product","link":"https:\/\/serviciosydeportes.com.co\/?product=curso-karate-do","title":{"rendered":"Curso Karate-Do"},"content":{"rendered":"","protected":false},"excerpt":{"rendered":"<p style=\"text-align: center;\"><strong>IMPLEMENTOS DEPORTIVOS PARA EL CURSO O PROGRAMA KARATE -DO\u00a0<\/strong><\/p>\n<p>Ropa c\u00f3moda y deportiva \u00bb Sudadera c\u00f3moda: o. Pantal\u00f3n sudadera, camiseta preferiblemente de color blanco, medias deportivas, \u00f3 Uniforme de Karate de SYLD (desde el 2\u00ba ciclo)\u00bb. Tenis, en algunos casos se trabajar\u00eda la clase sin uso de tenis, En lo posible con cachucha. visera o gorro para protegerse del sol, Uso y aplicaci\u00f3n de protector solar. Hidrataci\u00f3n (Preferible y saludablemente AGUA)<\/p>\n<p><strong>EDAD<\/strong>: Ni\u00f1os desde 4 a\u00f1os en adelante y Adultos<\/p>\n<h2 style=\"text-align: center;\"><\/h2>\n","protected":false},"featured_media":3424,"template":"","meta":{"site-sidebar-layout":"default","site-content-layout":"","ast-site-content-layout":"default","site-content-style":"default","site-sidebar-style":"default","ast-global-header-display":"","ast-banner-title-visibility":"","ast-main-header-display":"","ast-hfb-above-header-display":"","ast-hfb-below-header-display":"","ast-hfb-mobile-header-display":"","site-post-title":"","ast-breadcrumbs-content":"","ast-featured-img":"","footer-sml-layout":"","ast-disable-related-posts":"","theme-transparent-header-meta":"default","adv-header-id-meta":"","stick-header-meta":"","header-above-stick-meta":"","header-main-stick-meta":"","header-below-stick-meta":"","astra-migrate-meta-layouts":"set","ast-page-background-enabled":"default","ast-page-background-meta":{"desktop":{"background-color":"var(--ast-global-color-5)","background-image":"","background-repeat":"repeat","background-position":"center center","background-size":"auto","background-attachment":"scroll","background-type":"","background-media":"","overlay-type":"","overlay-color":"","overlay-opacity":"","overlay-gradient":""},"tablet":{"background-color":"","background-image":"","background-repeat":"repeat","background-position":"center center","background-size":"auto","background-attachment":"scroll","background-type":"","background-media":"","overlay-type":"","overlay-color":"","overlay-opacity":"","overlay-gradient":""},"mobile":{"background-color":"","background-image":"","background-repeat":"repeat","background-position":"center center","background-size":"auto","background-attachment":"scroll","background-type":"","background-media":"","overlay-type":"","overlay-color":"","overlay-opacity":"","overlay-gradient":""}},"ast-content-background-meta":{"desktop":{"background-color":"var(--ast-global-color-4)","background-image":"","background-repeat":"repeat","background-position":"center center","background-size":"auto","background-attachment":"scroll","background-type":"","background-media":"","overlay-type":"","overlay-color":"","overlay-opacity":"","overlay-gradient":""},"tablet":{"background-color":"var(--ast-global-color-4)","background-image":"","background-repeat":"repeat","background-position":"center center","background-size":"auto","background-attachment":"scroll","background-type":"","background-media":"","overlay-type":"","overlay-color":"","overlay-opacity":"","overlay-gradient":""},"mobile":{"background-color":"var(--ast-global-color-4)","background-image":"","background-repeat":"repeat","background-position":"center center","background-size":"auto","background-attachment":"scroll","background-type":"","background-media":"","overlay-type":"","overlay-color":"","overlay-opacity":"","overlay-gradient":""}},"pgc_sgb_lightbox_settings":""},"product_brand":[],"product_cat":[22],"product_tag":[],"class_list":{"0":"post-247","1":"product","2":"type-product","3":"status-publish","4":"has-post-thumbnail","6":"product_cat-cursos","7":"desktop-align-left","8":"tablet-align-left","9":"mobile-align-left","11":"first","12":"instock","13":"sold-individually","14":"shipping-taxable","15":"purchasable","16":"product-type-simple"},"yoast_head":"<!-- This site is optimized with the Yoast SEO plugin v27.3 - https:\/\/yoast.com\/product\/yoast-seo-wordpress\/ -->\n<title>Curso Karate-Do - SERVICIOS Y DEPORTES<\/title>\n<meta name=\"robots\" content=\"index, follow, max-snippet:-1, max-image-preview:large, max-video-preview:-1\" \/>\n<link rel=\"canonical\" href=\"https:\/\/serviciosydeportes.com.co\/?product=curso-karate-do\" \/>\n<meta property=\"og:locale\" content=\"es_ES\" \/>\n<meta property=\"og:type\" content=\"article\" \/>\n<meta property=\"og:title\" content=\"Curso Karate-Do - SERVICIOS Y DEPORTES\" \/>\n<meta property=\"og:description\" content=\"IMPLEMENTOS DEPORTIVOS PARA EL CURSO O PROGRAMA KARATE -DO\u00a0 Ropa c\u00f3moda y deportiva &quot; Sudadera c\u00f3moda: o. Pantal\u00f3n sudadera, camiseta preferiblemente de color blanco, medias deportivas, \u00f3 Uniforme de Karate de SYLD (desde el 2\u00ba ciclo)&quot;. Tenis, en algunos casos se trabajar\u00eda la clase sin uso de tenis, En lo posible con cachucha. visera o gorro para protegerse del sol, Uso y aplicaci\u00f3n de protector solar. Hidrataci\u00f3n (Preferible y saludablemente AGUA)  EDAD: Ni\u00f1os desde 4 a\u00f1os en adelante y Adultos\" \/>\n<meta property=\"og:url\" content=\"https:\/\/serviciosydeportes.com.co\/?product=curso-karate-do\" \/>\n<meta property=\"og:site_name\" content=\"SERVICIOS Y DEPORTES\" \/>\n<meta property=\"article:publisher\" content=\"https:\/\/web.facebook.com\/escuela.s.y.l.d\/\" \/>\n<meta property=\"article:modified_time\" content=\"2025-03-02T07:45:27+00:00\" \/>\n<meta property=\"og:image\" content=\"https:\/\/serviciosydeportes.com.co\/wp-content\/uploads\/2025\/02\/DALL\u00b7E-2025-03-01-19.30.48-A-perfectly-top-down-cenital-view-image-in-a-minimalist-line-art-style-to-tell-the-story-of-a-karate-school.-The-composition-features-simple-clean-.webp\" \/>\n\t<meta property=\"og:image:width\" content=\"1024\" \/>\n\t<meta property=\"og:image:height\" content=\"1024\" \/>\n\t<meta property=\"og:image:type\" content=\"image\/webp\" \/>\n<meta name=\"twitter:card\" content=\"summary_large_image\" \/>\n<script type=\"application\/ld+json\" class=\"yoast-schema-graph\">{\"@context\":\"https:\\\/\\\/schema.org\",\"@graph\":[{\"@type\":\"WebPage\",\"@id\":\"https:\\\/\\\/serviciosydeportes.com.co\\\/?product=curso-karate-do\",\"url\":\"https:\\\/\\\/serviciosydeportes.com.co\\\/?product=curso-karate-do\",\"name\":\"Curso Karate-Do - SERVICIOS Y DEPORTES\",\"isPartOf\":{\"@id\":\"https:\\\/\\\/serviciosydeportes.com.co\\\/#website\"},\"primaryImageOfPage\":{\"@id\":\"https:\\\/\\\/serviciosydeportes.com.co\\\/?product=curso-karate-do#primaryimage\"},\"image\":{\"@id\":\"https:\\\/\\\/serviciosydeportes.com.co\\\/?product=curso-karate-do#primaryimage\"},\"thumbnailUrl\":\"https:\\\/\\\/serviciosydeportes.com.co\\\/wp-content\\\/uploads\\\/2025\\\/02\\\/DALL\u00b7E-2025-03-01-19.30.48-A-perfectly-top-down-cenital-view-image-in-a-minimalist-line-art-style-to-tell-the-story-of-a-karate-school.-The-composition-features-simple-clean-.webp\",\"datePublished\":\"2025-02-25T19:08:51+00:00\",\"dateModified\":\"2025-03-02T07:45:27+00:00\",\"breadcrumb\":{\"@id\":\"https:\\\/\\\/serviciosydeportes.com.co\\\/?product=curso-karate-do#breadcrumb\"},\"inLanguage\":\"es\",\"potentialAction\":[{\"@type\":\"ReadAction\",\"target\":[\"https:\\\/\\\/serviciosydeportes.com.co\\\/?product=curso-karate-do\"]}]},{\"@type\":\"ImageObject\",\"inLanguage\":\"es\",\"@id\":\"https:\\\/\\\/serviciosydeportes.com.co\\\/?product=curso-karate-do#primaryimage\",\"url\":\"https:\\\/\\\/serviciosydeportes.com.co\\\/wp-content\\\/uploads\\\/2025\\\/02\\\/DALL\u00b7E-2025-03-01-19.30.48-A-perfectly-top-down-cenital-view-image-in-a-minimalist-line-art-style-to-tell-the-story-of-a-karate-school.-The-composition-features-simple-clean-.webp\",\"contentUrl\":\"https:\\\/\\\/serviciosydeportes.com.co\\\/wp-content\\\/uploads\\\/2025\\\/02\\\/DALL\u00b7E-2025-03-01-19.30.48-A-perfectly-top-down-cenital-view-image-in-a-minimalist-line-art-style-to-tell-the-story-of-a-karate-school.-The-composition-features-simple-clean-.webp\",\"width\":1024,\"height\":1024},{\"@type\":\"BreadcrumbList\",\"@id\":\"https:\\\/\\\/serviciosydeportes.com.co\\\/?product=curso-karate-do#breadcrumb\",\"itemListElement\":[{\"@type\":\"ListItem\",\"position\":1,\"name\":\"Portada\",\"item\":\"https:\\\/\\\/serviciosydeportes.com.co\\\/\"},{\"@type\":\"ListItem\",\"position\":2,\"name\":\"Tienda\",\"item\":\"https:\\\/\\\/serviciosydeportes.com.co\\\/?page_id=72\"},{\"@type\":\"ListItem\",\"position\":3,\"name\":\"Curso Karate-Do\"}]},{\"@type\":\"WebSite\",\"@id\":\"https:\\\/\\\/serviciosydeportes.com.co\\\/#website\",\"url\":\"https:\\\/\\\/serviciosydeportes.com.co\\\/\",\"name\":\"SERVICIOSYDEPORTES.COM.CO\",\"description\":\"\",\"publisher\":{\"@id\":\"https:\\\/\\\/serviciosydeportes.com.co\\\/#organization\"},\"potentialAction\":[{\"@type\":\"SearchAction\",\"target\":{\"@type\":\"EntryPoint\",\"urlTemplate\":\"https:\\\/\\\/serviciosydeportes.com.co\\\/?s={search_term_string}\"},\"query-input\":{\"@type\":\"PropertyValueSpecification\",\"valueRequired\":true,\"valueName\":\"search_term_string\"}}],\"inLanguage\":\"es\"},{\"@type\":\"Organization\",\"@id\":\"https:\\\/\\\/serviciosydeportes.com.co\\\/#organization\",\"name\":\"SERVICIOS Y DEPORTES SYLD\",\"url\":\"https:\\\/\\\/serviciosydeportes.com.co\\\/\",\"logo\":{\"@type\":\"ImageObject\",\"inLanguage\":\"es\",\"@id\":\"https:\\\/\\\/serviciosydeportes.com.co\\\/#\\\/schema\\\/logo\\\/image\\\/\",\"url\":\"https:\\\/\\\/serviciosydeportes.com.co\\\/wp-content\\\/uploads\\\/2025\\\/02\\\/log21kjh.png\",\"contentUrl\":\"https:\\\/\\\/serviciosydeportes.com.co\\\/wp-content\\\/uploads\\\/2025\\\/02\\\/log21kjh.png\",\"width\":160,\"height\":160,\"caption\":\"SERVICIOS Y DEPORTES SYLD\"},\"image\":{\"@id\":\"https:\\\/\\\/serviciosydeportes.com.co\\\/#\\\/schema\\\/logo\\\/image\\\/\"},\"sameAs\":[\"https:\\\/\\\/web.facebook.com\\\/escuela.s.y.l.d\\\/\",\"https:\\\/\\\/www.instagram.com\\\/escuela_s.y.l.d\"]}]}<\/script>\n<!-- \/ Yoast SEO plugin. -->","yoast_head_json":{"title":"Curso Karate-Do - SERVICIOS Y DEPORTES","robots":{"index":"index","follow":"follow","max-snippet":"max-snippet:-1","max-image-preview":"max-image-preview:large","max-video-preview":"max-video-preview:-1"},"canonical":"https:\/\/serviciosydeportes.com.co\/?product=curso-karate-do","og_locale":"es_ES","og_type":"article","og_title":"Curso Karate-Do - SERVICIOS Y DEPORTES","og_description":"IMPLEMENTOS DEPORTIVOS PARA EL CURSO O PROGRAMA KARATE -DO\u00a0 Ropa c\u00f3moda y deportiva \" Sudadera c\u00f3moda: o. Pantal\u00f3n sudadera, camiseta preferiblemente de color blanco, medias deportivas, \u00f3 Uniforme de Karate de SYLD (desde el 2\u00ba ciclo)\". Tenis, en algunos casos se trabajar\u00eda la clase sin uso de tenis, En lo posible con cachucha. visera o gorro para protegerse del sol, Uso y aplicaci\u00f3n de protector solar. Hidrataci\u00f3n (Preferible y saludablemente AGUA)  EDAD: Ni\u00f1os desde 4 a\u00f1os en adelante y Adultos","og_url":"https:\/\/serviciosydeportes.com.co\/?product=curso-karate-do","og_site_name":"SERVICIOS Y DEPORTES","article_publisher":"https:\/\/web.facebook.com\/escuela.s.y.l.d\/","article_modified_time":"2025-03-02T07:45:27+00:00","og_image":[{"width":1024,"height":1024,"url":"https:\/\/serviciosydeportes.com.co\/wp-content\/uploads\/2025\/02\/DALL\u00b7E-2025-03-01-19.30.48-A-perfectly-top-down-cenital-view-image-in-a-minimalist-line-art-style-to-tell-the-story-of-a-karate-school.-The-composition-features-simple-clean-.webp","type":"image\/webp"}],"twitter_card":"summary_large_image","schema":{"@context":"https:\/\/schema.org","@graph":[{"@type":"WebPage","@id":"https:\/\/serviciosydeportes.com.co\/?product=curso-karate-do","url":"https:\/\/serviciosydeportes.com.co\/?product=curso-karate-do","name":"Curso Karate-Do - SERVICIOS Y DEPORTES","isPartOf":{"@id":"https:\/\/serviciosydeportes.com.co\/#website"},"primaryImageOfPage":{"@id":"https:\/\/serviciosydeportes.com.co\/?product=curso-karate-do#primaryimage"},"image":{"@id":"https:\/\/serviciosydeportes.com.co\/?product=curso-karate-do#primaryimage"},"thumbnailUrl":"https:\/\/serviciosydeportes.com.co\/wp-content\/uploads\/2025\/02\/DALL\u00b7E-2025-03-01-19.30.48-A-perfectly-top-down-cenital-view-image-in-a-minimalist-line-art-style-to-tell-the-story-of-a-karate-school.-The-composition-features-simple-clean-.webp","datePublished":"2025-02-25T19:08:51+00:00","dateModified":"2025-03-02T07:45:27+00:00","breadcrumb":{"@id":"https:\/\/serviciosydeportes.com.co\/?product=curso-karate-do#breadcrumb"},"inLanguage":"es","potentialAction":[{"@type":"ReadAction","target":["https:\/\/serviciosydeportes.com.co\/?product=curso-karate-do"]}]},{"@type":"ImageObject","inLanguage":"es","@id":"https:\/\/serviciosydeportes.com.co\/?product=curso-karate-do#primaryimage","url":"https:\/\/serviciosydeportes.com.co\/wp-content\/uploads\/2025\/02\/DALL\u00b7E-2025-03-01-19.30.48-A-perfectly-top-down-cenital-view-image-in-a-minimalist-line-art-style-to-tell-the-story-of-a-karate-school.-The-composition-features-simple-clean-.webp","contentUrl":"https:\/\/serviciosydeportes.com.co\/wp-content\/uploads\/2025\/02\/DALL\u00b7E-2025-03-01-19.30.48-A-perfectly-top-down-cenital-view-image-in-a-minimalist-line-art-style-to-tell-the-story-of-a-karate-school.-The-composition-features-simple-clean-.webp","width":1024,"height":1024},{"@type":"BreadcrumbList","@id":"https:\/\/serviciosydeportes.com.co\/?product=curso-karate-do#breadcrumb","itemListElement":[{"@type":"ListItem","position":1,"name":"Portada","item":"https:\/\/serviciosydeportes.com.co\/"},{"@type":"ListItem","position":2,"name":"Tienda","item":"https:\/\/serviciosydeportes.com.co\/?page_id=72"},{"@type":"ListItem","position":3,"name":"Curso Karate-Do"}]},{"@type":"WebSite","@id":"https:\/\/serviciosydeportes.com.co\/#website","url":"https:\/\/serviciosydeportes.com.co\/","name":"SERVICIOSYDEPORTES.COM.CO","description":"","publisher":{"@id":"https:\/\/serviciosydeportes.com.co\/#organization"},"potentialAction":[{"@type":"SearchAction","target":{"@type":"EntryPoint","urlTemplate":"https:\/\/serviciosydeportes.com.co\/?s={search_term_string}"},"query-input":{"@type":"PropertyValueSpecification","valueRequired":true,"valueName":"search_term_string"}}],"inLanguage":"es"},{"@type":"Organization","@id":"https:\/\/serviciosydeportes.com.co\/#organization","name":"SERVICIOS Y DEPORTES SYLD","url":"https:\/\/serviciosydeportes.com.co\/","logo":{"@type":"ImageObject","inLanguage":"es","@id":"https:\/\/serviciosydeportes.com.co\/#\/schema\/logo\/image\/","url":"https:\/\/serviciosydeportes.com.co\/wp-content\/uploads\/2025\/02\/log21kjh.png","contentUrl":"https:\/\/serviciosydeportes.com.co\/wp-content\/uploads\/2025\/02\/log21kjh.png","width":160,"height":160,"caption":"SERVICIOS Y DEPORTES SYLD"},"image":{"@id":"https:\/\/serviciosydeportes.com.co\/#\/schema\/logo\/image\/"},"sameAs":["https:\/\/web.facebook.com\/escuela.s.y.l.d\/","https:\/\/www.instagram.com\/escuela_s.y.l.d"]}]}},"_links":{"self":[{"href":"https:\/\/serviciosydeportes.com.co\/index.php?rest_route=\/wp\/v2\/product\/247","targetHints":{"allow":["GET"]}}],"collection":[{"href":"https:\/\/serviciosydeportes.com.co\/index.php?rest_route=\/wp\/v2\/product"}],"about":[{"href":"https:\/\/serviciosydeportes.com.co\/index.php?rest_route=\/wp\/v2\/types\/product"}],"wp:featuredmedia":[{"embeddable":true,"href":"https:\/\/serviciosydeportes.com.co\/index.php?rest_route=\/wp\/v2\/media\/3424"}],"wp:attachment":[{"href":"https:\/\/serviciosydeportes.com.co\/index.php?rest_route=%2Fwp%2Fv2%2Fmedia&parent=247"}],"wp:term":[{"taxonomy":"product_brand","embeddable":true,"href":"https:\/\/serviciosydeportes.com.co\/index.php?rest_route=%2Fwp%2Fv2%2Fproduct_brand&post=247"},{"taxonomy":"product_cat","embeddable":true,"href":"https:\/\/serviciosydeportes.com.co\/index.php?rest_route=%2Fwp%2Fv2%2Fproduct_cat&post=247"},{"taxonomy":"product_tag","embeddable":true,"href":"https:\/\/serviciosydeportes.com.co\/index.php?rest_route=%2Fwp%2Fv2%2Fproduct_tag&post=247"}],"curies":[{"name":"wp","href":"https:\/\/api.w.org\/{rel}","templated":true}]}}